{"id":24904,"date":"2024-05-24T15:22:56","date_gmt":"2024-05-24T15:22:56","guid":{"rendered":"https:\/\/www.marinellescandlelight.com\/produit\/quartz\/"},"modified":"2024-06-19T12:57:58","modified_gmt":"2024-06-19T12:57:58","slug":"quartz","status":"publish","type":"product","link":"https:\/\/www.marinellescandlelight.com\/en\/product\/quartz\/","title":{"rendered":"Quartz"},"content":{"rendered":"<p><img decoding=\"async\" class=\"wp-image-23873 alignnone\" src=\"https:\/\/www.marinellescandlelight.com\/wp-content\/uploads\/2023\/12\/rhombe-1.png\" alt=\"\" width=\"15\" height=\"15\" srcset=\"https:\/\/www.marinellescandlelight.com\/wp-content\/uploads\/2023\/12\/rhombe-1.png 256w, https:\/\/www.marinellescandlelight.com\/wp-content\/uploads\/2023\/12\/rhombe-1-150x150.png 150w, https:\/\/www.marinellescandlelight.com\/wp-content\/uploads\/2023\/12\/rhombe-1-12x12.png 12w, https:\/\/www.marinellescandlelight.com\/wp-content\/uploads\/2023\/12\/rhombe-1-120x120.png 120w\" sizes=\"(max-width: 15px) 100vw, 15px\" \/> Contenant fabriqu\u00e9 \u00e0 la main \u00e0 base de jesmonite (sauf contenant Crystal). Des d\u00e9fauts peuvent \u00eatre pr\u00e9sents sur les contenants (pr\u00e9sence de trous) qui sont tout \u00e0 fait normal, d\u00fb \u00e0 la formation de bulles d\u2019air lors du processus de\u00a0 cr\u00e9ation du pot.<\/p>\n<p><img decoding=\"async\" class=\"wp-image-23873 alignnone\" src=\"https:\/\/www.marinellescandlelight.com\/wp-content\/uploads\/2023\/12\/rhombe-1.png\" alt=\"\" width=\"15\" height=\"15\" srcset=\"https:\/\/www.marinellescandlelight.com\/wp-content\/uploads\/2023\/12\/rhombe-1.png 256w, https:\/\/www.marinellescandlelight.com\/wp-content\/uploads\/2023\/12\/rhombe-1-150x150.png 150w, https:\/\/www.marinellescandlelight.com\/wp-content\/uploads\/2023\/12\/rhombe-1-12x12.png 12w, https:\/\/www.marinellescandlelight.com\/wp-content\/uploads\/2023\/12\/rhombe-1-120x120.png 120w\" sizes=\"(max-width: 15px) 100vw, 15px\" \/><span style=\"font-size: 16px; letter-spacing: 0px;\"> Parfums : \u00c0 base d\u2019huile essentielle pure et 100% naturelle, fabriqu\u00e9e \u00e0 la main, sans additifs, non dilu\u00e9, respectueux de l\u2019environnement ou \u00e0 base d\u2019huile parfum\u00e9e V\u00e9gan, non test\u00e9 sur les animaux. La plupart de nos parfums sont Sans CMR et Phtalate, Sans PEG, Sans Paraben et Silicium.<\/span><\/p>","protected":false},"excerpt":{"rendered":"<p style=\"text-align: center;\"><strong>Le contenant Quartz est une invitation au voyage avec ses motifs rappelant les feuilles de la plante tropicale l\u2019arbre du voyageur.<\/strong><\/p>\n<p>Fabriqu\u00e9 \u00e0 la main avec un mat\u00e9riau composite sans danger.<br \/>\nTemps de combustion : 40-55 heures<br \/>\nDimensions de la bougie : 8 x 9,7 cm<br \/>\nPoids : 740g<\/p>","protected":false},"featured_media":25240,"template":"","meta":[],"product_brand":[],"product_cat":[204],"product_tag":[],"class_list":{"0":"post-24904","1":"product","2":"type-product","3":"status-publish","4":"has-post-thumbnail","6":"product_cat-bougies-personnalisees","8":"first","9":"instock","10":"shipping-taxable","11":"purchasable","12":"product-type-simple"},"yoast_head":"<!-- This site is optimized with the Yoast SEO plugin v27.5 - https:\/\/yoast.com\/product\/yoast-seo-wordpress\/ -->\n<title>Quartz - Marinelle s Candle Light<\/title>\n<meta name=\"robots\" content=\"index, follow, max-snippet:-1, max-image-preview:large, max-video-preview:-1\" \/>\n<link rel=\"canonical\" href=\"https:\/\/www.marinellescandlelight.com\/en\/product\/quartz\/\" \/>\n<meta property=\"og:locale\" content=\"en_US\" \/>\n<meta property=\"og:type\" content=\"article\" \/>\n<meta property=\"og:title\" content=\"Quartz - Marinelle s Candle Light\" \/>\n<meta property=\"og:description\" content=\"Le contenant Quartz est une invitation au voyage avec ses motifs rappelant les feuilles de la plante tropicale l\u2019arbre du voyageur. Fabriqu\u00e9 \u00e0 la main avec un mat\u00e9riau composite sans danger. Temps de combustion : 40-55 heures Dimensions de la bougie : 8 x 9,7 cm Poids : 740g\" \/>\n<meta property=\"og:url\" content=\"https:\/\/www.marinellescandlelight.com\/en\/product\/quartz\/\" \/>\n<meta property=\"og:site_name\" content=\"Marinelle s Candle Light\" \/>\n<meta property=\"article:publisher\" content=\"https:\/\/www.facebook.com\/profile.php?id=61555952065821\" \/>\n<meta property=\"article:modified_time\" content=\"2024-06-19T12:57:58+00:00\" \/>\n<meta property=\"og:image\" content=\"https:\/\/www.marinellescandlelight.com\/wp-content\/uploads\/2024\/06\/Quartz-1-1.jpg\" \/>\n\t<meta property=\"og:image:width\" content=\"2000\" \/>\n\t<meta property=\"og:image:height\" content=\"2000\" \/>\n\t<meta property=\"og:image:type\" content=\"image\/jpeg\" \/>\n<meta name=\"twitter:card\" content=\"summary_large_image\" \/>\n<meta name=\"twitter:label1\" content=\"Est. reading time\" \/>\n\t<meta name=\"twitter:data1\" content=\"2 minutes\" \/>\n<script type=\"application\/ld+json\" class=\"yoast-schema-graph\">{\"@context\":\"https:\\\/\\\/schema.org\",\"@graph\":[{\"@type\":\"WebPage\",\"@id\":\"https:\\\/\\\/www.marinellescandlelight.com\\\/produit\\\/quartz\\\/\",\"url\":\"https:\\\/\\\/www.marinellescandlelight.com\\\/produit\\\/quartz\\\/\",\"name\":\"Quartz - Marinelle s Candle Light\",\"isPartOf\":{\"@id\":\"https:\\\/\\\/www.marinellescandlelight.com\\\/#website\"},\"primaryImageOfPage\":{\"@id\":\"https:\\\/\\\/www.marinellescandlelight.com\\\/produit\\\/quartz\\\/#primaryimage\"},\"image\":{\"@id\":\"https:\\\/\\\/www.marinellescandlelight.com\\\/produit\\\/quartz\\\/#primaryimage\"},\"thumbnailUrl\":\"https:\\\/\\\/www.marinellescandlelight.com\\\/wp-content\\\/uploads\\\/2024\\\/06\\\/Quartz-1-1.jpg\",\"datePublished\":\"2024-05-24T15:22:56+00:00\",\"dateModified\":\"2024-06-19T12:57:58+00:00\",\"breadcrumb\":{\"@id\":\"https:\\\/\\\/www.marinellescandlelight.com\\\/produit\\\/quartz\\\/#breadcrumb\"},\"inLanguage\":\"en-US\",\"potentialAction\":[{\"@type\":\"ReadAction\",\"target\":[\"https:\\\/\\\/www.marinellescandlelight.com\\\/produit\\\/quartz\\\/\"]}]},{\"@type\":\"ImageObject\",\"inLanguage\":\"en-US\",\"@id\":\"https:\\\/\\\/www.marinellescandlelight.com\\\/produit\\\/quartz\\\/#primaryimage\",\"url\":\"https:\\\/\\\/www.marinellescandlelight.com\\\/wp-content\\\/uploads\\\/2024\\\/06\\\/Quartz-1-1.jpg\",\"contentUrl\":\"https:\\\/\\\/www.marinellescandlelight.com\\\/wp-content\\\/uploads\\\/2024\\\/06\\\/Quartz-1-1.jpg\",\"width\":2000,\"height\":2000},{\"@type\":\"BreadcrumbList\",\"@id\":\"https:\\\/\\\/www.marinellescandlelight.com\\\/produit\\\/quartz\\\/#breadcrumb\",\"itemListElement\":[{\"@type\":\"ListItem\",\"position\":1,\"name\":\"Accueil\",\"item\":\"https:\\\/\\\/www.marinellescandlelight.com\\\/\"},{\"@type\":\"ListItem\",\"position\":2,\"name\":\"Shop\",\"item\":\"https:\\\/\\\/www.marinellescandlelight.com\\\/shop\\\/\"},{\"@type\":\"ListItem\",\"position\":3,\"name\":\"Quartz\"}]},{\"@type\":\"WebSite\",\"@id\":\"https:\\\/\\\/www.marinellescandlelight.com\\\/#website\",\"url\":\"https:\\\/\\\/www.marinellescandlelight.com\\\/\",\"name\":\"Marinelle s Candle Light\",\"description\":\"Parfumez vos envies\",\"publisher\":{\"@id\":\"https:\\\/\\\/www.marinellescandlelight.com\\\/#organization\"},\"potentialAction\":[{\"@type\":\"SearchAction\",\"target\":{\"@type\":\"EntryPoint\",\"urlTemplate\":\"https:\\\/\\\/www.marinellescandlelight.com\\\/?s={search_term_string}\"},\"query-input\":{\"@type\":\"PropertyValueSpecification\",\"valueRequired\":true,\"valueName\":\"search_term_string\"}}],\"inLanguage\":\"en-US\"},{\"@type\":\"Organization\",\"@id\":\"https:\\\/\\\/www.marinellescandlelight.com\\\/#organization\",\"name\":\"Marinelle s Candle Light\",\"url\":\"https:\\\/\\\/www.marinellescandlelight.com\\\/\",\"logo\":{\"@type\":\"ImageObject\",\"inLanguage\":\"en-US\",\"@id\":\"https:\\\/\\\/www.marinellescandlelight.com\\\/#\\\/schema\\\/logo\\\/image\\\/\",\"url\":\"https:\\\/\\\/www.marinellescandlelight.com\\\/wp-content\\\/uploads\\\/2023\\\/12\\\/Logo-entier-1.png\",\"contentUrl\":\"https:\\\/\\\/www.marinellescandlelight.com\\\/wp-content\\\/uploads\\\/2023\\\/12\\\/Logo-entier-1.png\",\"width\":500,\"height\":500,\"caption\":\"Marinelle s Candle Light\"},\"image\":{\"@id\":\"https:\\\/\\\/www.marinellescandlelight.com\\\/#\\\/schema\\\/logo\\\/image\\\/\"},\"sameAs\":[\"https:\\\/\\\/www.facebook.com\\\/profile.php?id=61555952065821\",\"https:\\\/\\\/www.tiktok.com\\\/@marinellescandlelight\"]}]}<\/script>\n<!-- \/ Yoast SEO plugin. -->","yoast_head_json":{"title":"Quartz - Marinelle s Candle Light","robots":{"index":"index","follow":"follow","max-snippet":"max-snippet:-1","max-image-preview":"max-image-preview:large","max-video-preview":"max-video-preview:-1"},"canonical":"https:\/\/www.marinellescandlelight.com\/en\/product\/quartz\/","og_locale":"en_US","og_type":"article","og_title":"Quartz - Marinelle s Candle Light","og_description":"Le contenant Quartz est une invitation au voyage avec ses motifs rappelant les feuilles de la plante tropicale l\u2019arbre du voyageur. Fabriqu\u00e9 \u00e0 la main avec un mat\u00e9riau composite sans danger. Temps de combustion : 40-55 heures Dimensions de la bougie : 8 x 9,7 cm Poids : 740g","og_url":"https:\/\/www.marinellescandlelight.com\/en\/product\/quartz\/","og_site_name":"Marinelle s Candle Light","article_publisher":"https:\/\/www.facebook.com\/profile.php?id=61555952065821","article_modified_time":"2024-06-19T12:57:58+00:00","og_image":[{"width":2000,"height":2000,"url":"https:\/\/www.marinellescandlelight.com\/wp-content\/uploads\/2024\/06\/Quartz-1-1.jpg","type":"image\/jpeg"}],"twitter_card":"summary_large_image","twitter_misc":{"Est. reading time":"2 minutes"},"schema":{"@context":"https:\/\/schema.org","@graph":[{"@type":"WebPage","@id":"https:\/\/www.marinellescandlelight.com\/produit\/quartz\/","url":"https:\/\/www.marinellescandlelight.com\/produit\/quartz\/","name":"Quartz - Marinelle s Candle Light","isPartOf":{"@id":"https:\/\/www.marinellescandlelight.com\/#website"},"primaryImageOfPage":{"@id":"https:\/\/www.marinellescandlelight.com\/produit\/quartz\/#primaryimage"},"image":{"@id":"https:\/\/www.marinellescandlelight.com\/produit\/quartz\/#primaryimage"},"thumbnailUrl":"https:\/\/www.marinellescandlelight.com\/wp-content\/uploads\/2024\/06\/Quartz-1-1.jpg","datePublished":"2024-05-24T15:22:56+00:00","dateModified":"2024-06-19T12:57:58+00:00","breadcrumb":{"@id":"https:\/\/www.marinellescandlelight.com\/produit\/quartz\/#breadcrumb"},"inLanguage":"en-US","potentialAction":[{"@type":"ReadAction","target":["https:\/\/www.marinellescandlelight.com\/produit\/quartz\/"]}]},{"@type":"ImageObject","inLanguage":"en-US","@id":"https:\/\/www.marinellescandlelight.com\/produit\/quartz\/#primaryimage","url":"https:\/\/www.marinellescandlelight.com\/wp-content\/uploads\/2024\/06\/Quartz-1-1.jpg","contentUrl":"https:\/\/www.marinellescandlelight.com\/wp-content\/uploads\/2024\/06\/Quartz-1-1.jpg","width":2000,"height":2000},{"@type":"BreadcrumbList","@id":"https:\/\/www.marinellescandlelight.com\/produit\/quartz\/#breadcrumb","itemListElement":[{"@type":"ListItem","position":1,"name":"Accueil","item":"https:\/\/www.marinellescandlelight.com\/"},{"@type":"ListItem","position":2,"name":"Shop","item":"https:\/\/www.marinellescandlelight.com\/shop\/"},{"@type":"ListItem","position":3,"name":"Quartz"}]},{"@type":"WebSite","@id":"https:\/\/www.marinellescandlelight.com\/#website","url":"https:\/\/www.marinellescandlelight.com\/","name":"Marinelle s Candle Light","description":"Parfumez vos envies","publisher":{"@id":"https:\/\/www.marinellescandlelight.com\/#organization"},"potentialAction":[{"@type":"SearchAction","target":{"@type":"EntryPoint","urlTemplate":"https:\/\/www.marinellescandlelight.com\/?s={search_term_string}"},"query-input":{"@type":"PropertyValueSpecification","valueRequired":true,"valueName":"search_term_string"}}],"inLanguage":"en-US"},{"@type":"Organization","@id":"https:\/\/www.marinellescandlelight.com\/#organization","name":"Marinelle s Candle Light","url":"https:\/\/www.marinellescandlelight.com\/","logo":{"@type":"ImageObject","inLanguage":"en-US","@id":"https:\/\/www.marinellescandlelight.com\/#\/schema\/logo\/image\/","url":"https:\/\/www.marinellescandlelight.com\/wp-content\/uploads\/2023\/12\/Logo-entier-1.png","contentUrl":"https:\/\/www.marinellescandlelight.com\/wp-content\/uploads\/2023\/12\/Logo-entier-1.png","width":500,"height":500,"caption":"Marinelle s Candle Light"},"image":{"@id":"https:\/\/www.marinellescandlelight.com\/#\/schema\/logo\/image\/"},"sameAs":["https:\/\/www.facebook.com\/profile.php?id=61555952065821","https:\/\/www.tiktok.com\/@marinellescandlelight"]}]}},"_links":{"self":[{"href":"https:\/\/www.marinellescandlelight.com\/en\/wp-json\/wp\/v2\/product\/24904","targetHints":{"allow":["GET"]}}],"collection":[{"href":"https:\/\/www.marinellescandlelight.com\/en\/wp-json\/wp\/v2\/product"}],"about":[{"href":"https:\/\/www.marinellescandlelight.com\/en\/wp-json\/wp\/v2\/types\/product"}],"wp:featuredmedia":[{"embeddable":true,"href":"https:\/\/www.marinellescandlelight.com\/en\/wp-json\/wp\/v2\/media\/25240"}],"wp:attachment":[{"href":"https:\/\/www.marinellescandlelight.com\/en\/wp-json\/wp\/v2\/media?parent=24904"}],"wp:term":[{"taxonomy":"product_brand","embeddable":true,"href":"https:\/\/www.marinellescandlelight.com\/en\/wp-json\/wp\/v2\/product_brand?post=24904"},{"taxonomy":"product_cat","embeddable":true,"href":"https:\/\/www.marinellescandlelight.com\/en\/wp-json\/wp\/v2\/product_cat?post=24904"},{"taxonomy":"product_tag","embeddable":true,"href":"https:\/\/www.marinellescandlelight.com\/en\/wp-json\/wp\/v2\/product_tag?post=24904"}],"curies":[{"name":"wp","href":"https:\/\/api.w.org\/{rel}","templated":true}]}}